{"id":33,"date":"2018-12-19T07:54:52","date_gmt":"2018-12-19T07:54:52","guid":{"rendered":"http:\/\/demo.ovathemes.com\/reon\/?page_id=33"},"modified":"2026-03-02T18:59:38","modified_gmt":"2026-03-02T18:59:38","slug":"menu","status":"publish","type":"page","link":"https:\/\/pixcareforma.com\/en\/menu\/","title":{"rendered":"Menu"},"content":{"rendered":"<div data-elementor-type=\"wp-post\" data-elementor-id=\"33\" class=\"elementor elementor-33\">\n\t\t\t\t\t\t\t\t\t<section class=\"elementor-section elementor-top-section elementor-element elementor-element-550f445 elementor-section-full_width elementor-section-height-default elementor-section-height-default\" data-id=\"550f445\" data-element_type=\"section\">\n\t\t\t\t\t\t<div class=\"elementor-container elementor-column-gap-no\">\n\t\t\t\t\t<div class=\"elementor-column elementor-col-100 elementor-top-column elementor-element elementor-element-ce28d70\" data-id=\"ce28d70\" data-element_type=\"column\">\n\t\t\t<div class=\"elementor-widget-wrap elementor-element-populated\">\n\t\t\t\t\t\t\t\t<div class=\"elementor-element elementor-element-b2b0135 elementor-widget elementor-widget-ova_heading\" data-id=\"b2b0135\" data-element_type=\"widget\" data-widget_type=\"ova_heading.default\">\n\t\t\t\t<div class=\"elementor-widget-container\">\n\t\t\t\t\t\t\t<section class=\"breadcrumb-menu-v2 breadcrumb-section section-box\" style=\"background-image: url(https:\/\/pixcareforma.com\/wp-content\/uploads\/2024\/12\/CREMA-ZOOM-scaled.jpg)\">\n\t\t\t\t<div class=\"container\">\n\t\t\t\t\t<div class=\"breadcrumb-inner\">\n\t\t\t\t\t\t\t\t\t\t\t\t\t<h1>Menu<\/h1>\n\t\t\t\t\t\t\t\t\t\t\t\t\t\t\t\t\t<\/div>\t\n\t\t\t\t<\/div>\n\t\t\t<\/section>\n\t\t\t\t\t<\/div>\n\t\t\t\t<\/div>\n\t\t\t\t\t<\/div>\n\t\t<\/div>\n\t\t\t\t\t\t\t<\/div>\n\t\t<\/section>\n\t\t\t\t<section class=\"elementor-section elementor-top-section elementor-element elementor-element-72dc671 elementor-section-boxed elementor-section-height-default elementor-section-height-default\" data-id=\"72dc671\" data-element_type=\"section\">\n\t\t\t\t\t\t<div class=\"elementor-container elementor-column-gap-default\">\n\t\t\t\t\t<div class=\"elementor-column elementor-col-100 elementor-top-column elementor-element elementor-element-6009066\" data-id=\"6009066\" data-element_type=\"column\">\n\t\t\t<div class=\"elementor-widget-wrap elementor-element-populated\">\n\t\t\t\t\t\t\t\t<div class=\"elementor-element elementor-element-adef6e5 elementor-align-center elementor-widget elementor-widget-button\" data-id=\"adef6e5\" data-element_type=\"widget\" data-widget_type=\"button.default\">\n\t\t\t\t<div class=\"elementor-widget-container\">\n\t\t\t\t\t<div class=\"elementor-button-wrapper\">\n\t\t\t<a href=\"https:\/\/pixcareforma.com\/wp-content\/uploads\/2018\/12\/DESAYUNOS_A-LA-CARTA.pdf%20\" target=\"_blank\" class=\"elementor-button-link elementor-button elementor-size-xl\" role=\"button\">\n\t\t\t\t\t\t<span class=\"elementor-button-content-wrapper\">\n\t\t\t\t\t\t\t<span class=\"elementor-button-icon elementor-align-icon-right\">\n\t\t\t\t<i aria-hidden=\"true\" class=\"fas fa-coffee\"><\/i>\t\t\t<\/span>\n\t\t\t\t\t\t<span class=\"elementor-button-text\">A la carte breakfasts<\/span>\n\t\t<\/span>\n\t\t\t\t\t<\/a>\n\t\t<\/div>\n\t\t\t\t<\/div>\n\t\t\t\t<\/div>\n\t\t\t\t<div class=\"elementor-element elementor-element-9c28469 elementor-widget elementor-widget-spacer\" data-id=\"9c28469\" data-element_type=\"widget\" data-widget_type=\"spacer.default\">\n\t\t\t\t<div class=\"elementor-widget-container\">\n\t\t\t<style>\/*! elementor - v3.6.6 - 08-06-2022 *\/\n.e-container.e-container--row .elementor-spacer-inner{width:var(--spacer-size)}.e-container.e-container--column .elementor-spacer-inner,.elementor-column .elementor-spacer-inner{height:var(--spacer-size)}<\/style>\t\t<div class=\"elementor-spacer\">\n\t\t\t<div class=\"elementor-spacer-inner\"><\/div>\n\t\t<\/div>\n\t\t\t\t<\/div>\n\t\t\t\t<\/div>\n\t\t\t\t<div class=\"elementor-element elementor-element-ef595dd elementor-align-center elementor-widget elementor-widget-button\" data-id=\"ef595dd\" data-element_type=\"widget\" data-widget_type=\"button.default\">\n\t\t\t\t<div class=\"elementor-widget-container\">\n\t\t\t\t\t<div class=\"elementor-button-wrapper\">\n\t\t\t<a href=\"https:\/\/pixcareforma.com\/wp-content\/uploads\/2018\/12\/2026-COMIDAS-Y-CENAS.pdf\" class=\"elementor-button-link elementor-button elementor-size-xl\" role=\"button\">\n\t\t\t\t\t\t<span class=\"elementor-button-content-wrapper\">\n\t\t\t\t\t\t\t<span class=\"elementor-button-icon elementor-align-icon-right\">\n\t\t\t\t<i aria-hidden=\"true\" class=\"fas fa-glass-martini-alt\"><\/i>\t\t\t<\/span>\n\t\t\t\t\t\t<span class=\"elementor-button-text\">MENU MEALS AND DINNERS<\/span>\n\t\t<\/span>\n\t\t\t\t\t<\/a>\n\t\t<\/div>\n\t\t\t\t<\/div>\n\t\t\t\t<\/div>\n\t\t\t\t<div class=\"elementor-element elementor-element-86f7dea elementor-widget elementor-widget-spacer\" data-id=\"86f7dea\" data-element_type=\"widget\" data-widget_type=\"spacer.default\">\n\t\t\t\t<div class=\"elementor-widget-container\">\n\t\t\t\t\t<div class=\"elementor-spacer\">\n\t\t\t<div class=\"elementor-spacer-inner\"><\/div>\n\t\t<\/div>\n\t\t\t\t<\/div>\n\t\t\t\t<\/div>\n\t\t\t\t<div class=\"elementor-element elementor-element-84c02d3 elementor-align-center elementor-widget elementor-widget-button\" data-id=\"84c02d3\" data-element_type=\"widget\" data-widget_type=\"button.default\">\n\t\t\t\t<div class=\"elementor-widget-container\">\n\t\t\t\t\t<div class=\"elementor-button-wrapper\">\n\t\t\t<a href=\"https:\/\/pixcareforma.com\/wp-content\/uploads\/2018\/12\/MIXOLOGIA-STORY.pdf\" target=\"_blank\" class=\"elementor-button-link elementor-button elementor-size-xl elementor-animation-grow\" role=\"button\">\n\t\t\t\t\t\t<span class=\"elementor-button-content-wrapper\">\n\t\t\t\t\t\t\t<span class=\"elementor-button-icon elementor-align-icon-right\">\n\t\t\t\t<i aria-hidden=\"true\" class=\"fas fa-glass-cheers\"><\/i>\t\t\t<\/span>\n\t\t\t\t\t\t<span class=\"elementor-button-text\">MEN\u00da BAR<\/span>\n\t\t<\/span>\n\t\t\t\t\t<\/a>\n\t\t<\/div>\n\t\t\t\t<\/div>\n\t\t\t\t<\/div>\n\t\t\t\t\t<\/div>\n\t\t<\/div>\n\t\t\t\t\t\t\t<\/div>\n\t\t<\/section>\n\t\t\t\t<section class=\"elementor-section elementor-top-section elementor-element elementor-element-7a34c36 elementor-section-boxed elementor-section-height-default elementor-section-height-default\" data-id=\"7a34c36\" data-element_type=\"section\" data-settings=\"{&quot;background_background&quot;:&quot;classic&quot;}\">\n\t\t\t\t\t\t<div class=\"elementor-container elementor-column-gap-no\">\n\t\t\t\t\t<div class=\"elementor-column elementor-col-100 elementor-top-column elementor-element elementor-element-eed2a2d\" data-id=\"eed2a2d\" data-element_type=\"column\" data-settings=\"{&quot;background_background&quot;:&quot;classic&quot;}\">\n\t\t\t<div class=\"elementor-widget-wrap elementor-element-populated\">\n\t\t\t\t\t\t\t\t<div class=\"elementor-element elementor-element-d21c2e8 elementor-widget elementor-widget-ova_heading\" data-id=\"d21c2e8\" data-element_type=\"widget\" data-widget_type=\"ova_heading.default\">\n\t\t\t\t<div class=\"elementor-widget-container\">\n\t\t\t\t\t\t\t\t<div class=\"ova-heading\">\n\t\t\t\t\t\t\t\t\t\t\t\t\t<h3 class=\"special-heading main-color three_font\">Reservation<\/h3>\n\t\t\t\t\t\t\t\t\t\t\t\t\t\t\t\t\t\t\t<h2 class=\"special-heading-1 second_font\">BOOK YOUR TABLE<\/h2>\n\t\t\t\t\t\t\t\t\t\t\t<\/div>\n\t\t\t\t\t\t<\/div>\n\t\t\t\t<\/div>\n\t\t\t\t<div class=\"elementor-element elementor-element-a28588e elementor-align-center elementor-widget elementor-widget-button\" data-id=\"a28588e\" data-element_type=\"widget\" data-widget_type=\"button.default\">\n\t\t\t\t<div class=\"elementor-widget-container\">\n\t\t\t\t\t<div class=\"elementor-button-wrapper\">\n\t\t\t<a href=\"https:\/\/pixcareforma.com\/en\/reservaciones\/\" target=\"_blank\" class=\"elementor-button-link elementor-button elementor-size-xl\" role=\"button\">\n\t\t\t\t\t\t<span class=\"elementor-button-content-wrapper\">\n\t\t\t\t\t\t<span class=\"elementor-button-text\">RESERVATION HERE<\/span>\n\t\t<\/span>\n\t\t\t\t\t<\/a>\n\t\t<\/div>\n\t\t\t\t<\/div>\n\t\t\t\t<\/div>\n\t\t\t\t<div class=\"elementor-element elementor-element-7644690 elementor-widget elementor-widget-text-editor\" data-id=\"7644690\" data-element_type=\"widget\" data-widget_type=\"text-editor.default\">\n\t\t\t\t<div class=\"elementor-widget-container\">\n\t\t\t<style>\/*! elementor - v3.6.6 - 08-06-2022 *\/\n.elementor-widget-text-editor.elementor-drop-cap-view-stacked .elementor-drop-cap{background-color:#818a91;color:#fff}.elementor-widget-text-editor.elementor-drop-cap-view-framed .elementor-drop-cap{color:#818a91;border:3px solid;background-color:transparent}.elementor-widget-text-editor:not(.elementor-drop-cap-view-default) .elementor-drop-cap{margin-top:8px}.elementor-widget-text-editor:not(.elementor-drop-cap-view-default) .elementor-drop-cap-letter{width:1em;height:1em}.elementor-widget-text-editor .elementor-drop-cap{float:left;text-align:center;line-height:1;font-size:50px}.elementor-widget-text-editor .elementor-drop-cap-letter{display:inline-block}<\/style>\t\t\t\t\t\t\t\t\t\t<\/div>\n\t\t\t\t<\/div>\n\t\t\t\t\t<\/div>\n\t\t<\/div>\n\t\t\t\t\t\t\t<\/div>\n\t\t<\/section>\n\t\t\t\t<section class=\"elementor-section elementor-top-section elementor-element elementor-element-7be2f77 elementor-section-boxed elementor-section-height-default elementor-section-height-default\" data-id=\"7be2f77\" data-element_type=\"section\">\n\t\t\t\t\t\t<div class=\"elementor-container elementor-column-gap-default\">\n\t\t\t\t\t<div class=\"elementor-column elementor-col-100 elementor-top-column elementor-element elementor-element-fa467dc\" data-id=\"fa467dc\" data-element_type=\"column\">\n\t\t\t<div class=\"elementor-widget-wrap\">\n\t\t\t\t\t\t\t\t\t<\/div>\n\t\t<\/div>\n\t\t\t\t\t\t\t<\/div>\n\t\t<\/section>\n\t\t\t\t\t\t\t<\/div>","protected":false},"excerpt":{"rendered":"<p>Men\u00fa DESAYUNOS A LA CARTA MEN\u00da COMIDAS Y CENAS MEN\u00da BAR Reservaciones RESERVA TU MESA RESERVA AQU\u00cd<\/p>","protected":false},"author":1,"featured_media":0,"parent":0,"menu_order":0,"comment_status":"closed","ping_status":"closed","template":"elementor_header_footer","meta":{"om_disable_all_campaigns":false,"_monsterinsights_skip_tracking":false,"_monsterinsights_sitenote_active":false,"_monsterinsights_sitenote_note":"","_monsterinsights_sitenote_category":0,"_joinchat":[],"footnotes":""},"yoast_head":"<!-- This site is optimized with the Yoast SEO plugin v19.1 - https:\/\/yoast.com\/wordpress\/plugins\/seo\/ -->\n<title>Pixca Reforma Restaurante - Conoce nuestro Men\u00fa.<\/title>\n<meta name=\"description\" content=\"Conoce el delicioso men\u00fa que tenemos para ti en Pixca Reforma el restaurante m\u00e1s exclusivo de Cuernavaca Morelos.\" \/>\n<meta name=\"robots\" content=\"index, follow, max-snippet:-1, max-image-preview:large, max-video-preview:-1\" \/>\n<link rel=\"canonical\" href=\"https:\/\/pixcareforma.com\/en\/menu\/\" \/>\n<meta property=\"og:locale\" content=\"en_US\" \/>\n<meta property=\"og:type\" content=\"article\" \/>\n<meta property=\"og:title\" content=\"Conoce nuestro delicioso men\u00fa\" \/>\n<meta property=\"og:description\" content=\"Deliciosos platillos elaborados por nuestros mejores chefs.\" \/>\n<meta property=\"og:url\" content=\"https:\/\/pixcareforma.com\/en\/menu\/\" \/>\n<meta property=\"og:site_name\" content=\"Pixca Reforma Restaurante\" \/>\n<meta property=\"article:modified_time\" content=\"2026-03-02T18:59:38+00:00\" \/>\n<meta property=\"og:image\" content=\"https:\/\/pixcareforma.com\/wp-content\/uploads\/2022\/05\/menu-pixca.jpeg\" \/>\n\t<meta property=\"og:image:width\" content=\"1280\" \/>\n\t<meta property=\"og:image:height\" content=\"984\" \/>\n\t<meta property=\"og:image:type\" content=\"image\/jpeg\" \/>\n<meta name=\"twitter:card\" content=\"summary_large_image\" \/>\n<meta name=\"twitter:label1\" content=\"Est. reading time\" \/>\n\t<meta name=\"twitter:data1\" content=\"1 minute\" \/>\n<script type=\"application\/ld+json\" class=\"yoast-schema-graph\">{\"@context\":\"https:\/\/schema.org\",\"@graph\":[{\"@type\":\"WebSite\",\"@id\":\"https:\/\/pixcareforma.com\/#website\",\"url\":\"https:\/\/pixcareforma.com\/\",\"name\":\"Pixca Reforma Restaurante\",\"description\":\"El mejor restaurante en Cuernavaca\",\"potentialAction\":[{\"@type\":\"SearchAction\",\"target\":{\"@type\":\"EntryPoint\",\"urlTemplate\":\"https:\/\/pixcareforma.com\/?s={search_term_string}\"},\"query-input\":\"required name=search_term_string\"}],\"inLanguage\":\"en-US\"},{\"@type\":\"ImageObject\",\"inLanguage\":\"en-US\",\"@id\":\"https:\/\/pixcareforma.com\/menu\/#primaryimage\",\"url\":\"https:\/\/pixcareforma.com\/wp-content\/uploads\/2022\/05\/menu-pixca.jpeg\",\"contentUrl\":\"https:\/\/pixcareforma.com\/wp-content\/uploads\/2022\/05\/menu-pixca.jpeg\",\"width\":1280,\"height\":984},{\"@type\":\"WebPage\",\"@id\":\"https:\/\/pixcareforma.com\/menu\/#webpage\",\"url\":\"https:\/\/pixcareforma.com\/menu\/\",\"name\":\"Pixca Reforma Restaurante - Conoce nuestro Men\u00fa.\",\"isPartOf\":{\"@id\":\"https:\/\/pixcareforma.com\/#website\"},\"primaryImageOfPage\":{\"@id\":\"https:\/\/pixcareforma.com\/menu\/#primaryimage\"},\"datePublished\":\"2018-12-19T07:54:52+00:00\",\"dateModified\":\"2026-03-02T18:59:38+00:00\",\"description\":\"Conoce el delicioso men\u00fa que tenemos para ti en Pixca Reforma el restaurante m\u00e1s exclusivo de Cuernavaca Morelos.\",\"breadcrumb\":{\"@id\":\"https:\/\/pixcareforma.com\/menu\/#breadcrumb\"},\"inLanguage\":\"en-US\",\"potentialAction\":[{\"@type\":\"ReadAction\",\"target\":[\"https:\/\/pixcareforma.com\/menu\/\"]}]},{\"@type\":\"BreadcrumbList\",\"@id\":\"https:\/\/pixcareforma.com\/menu\/#breadcrumb\",\"itemListElement\":[{\"@type\":\"ListItem\",\"position\":1,\"name\":\"Portada\",\"item\":\"https:\/\/pixcareforma.com\/\"},{\"@type\":\"ListItem\",\"position\":2,\"name\":\"Men\u00fa\"}]}]}<\/script>\n<!-- \/ Yoast SEO plugin. -->","yoast_head_json":{"title":"Pixca Reforma Restaurante - Conoce nuestro Men\u00fa.","description":"Conoce el delicioso men\u00fa que tenemos para ti en Pixca Reforma el restaurante m\u00e1s exclusivo de Cuernavaca Morelos.","robots":{"index":"index","follow":"follow","max-snippet":"max-snippet:-1","max-image-preview":"max-image-preview:large","max-video-preview":"max-video-preview:-1"},"canonical":"https:\/\/pixcareforma.com\/en\/menu\/","og_locale":"en_US","og_type":"article","og_title":"Conoce nuestro delicioso men\u00fa","og_description":"Deliciosos platillos elaborados por nuestros mejores chefs.","og_url":"https:\/\/pixcareforma.com\/en\/menu\/","og_site_name":"Pixca Reforma Restaurante","article_modified_time":"2026-03-02T18:59:38+00:00","og_image":[{"width":1280,"height":984,"url":"https:\/\/pixcareforma.com\/wp-content\/uploads\/2022\/05\/menu-pixca.jpeg","type":"image\/jpeg"}],"twitter_card":"summary_large_image","twitter_misc":{"Est. reading time":"1 minute"},"schema":{"@context":"https:\/\/schema.org","@graph":[{"@type":"WebSite","@id":"https:\/\/pixcareforma.com\/#website","url":"https:\/\/pixcareforma.com\/","name":"Pixca Reforma Restaurante","description":"El mejor restaurante en Cuernavaca","potentialAction":[{"@type":"SearchAction","target":{"@type":"EntryPoint","urlTemplate":"https:\/\/pixcareforma.com\/?s={search_term_string}"},"query-input":"required name=search_term_string"}],"inLanguage":"en-US"},{"@type":"ImageObject","inLanguage":"en-US","@id":"https:\/\/pixcareforma.com\/menu\/#primaryimage","url":"https:\/\/pixcareforma.com\/wp-content\/uploads\/2022\/05\/menu-pixca.jpeg","contentUrl":"https:\/\/pixcareforma.com\/wp-content\/uploads\/2022\/05\/menu-pixca.jpeg","width":1280,"height":984},{"@type":"WebPage","@id":"https:\/\/pixcareforma.com\/menu\/#webpage","url":"https:\/\/pixcareforma.com\/menu\/","name":"Pixca Reforma Restaurante - Conoce nuestro Men\u00fa.","isPartOf":{"@id":"https:\/\/pixcareforma.com\/#website"},"primaryImageOfPage":{"@id":"https:\/\/pixcareforma.com\/menu\/#primaryimage"},"datePublished":"2018-12-19T07:54:52+00:00","dateModified":"2026-03-02T18:59:38+00:00","description":"Conoce el delicioso men\u00fa que tenemos para ti en Pixca Reforma el restaurante m\u00e1s exclusivo de Cuernavaca Morelos.","breadcrumb":{"@id":"https:\/\/pixcareforma.com\/menu\/#breadcrumb"},"inLanguage":"en-US","potentialAction":[{"@type":"ReadAction","target":["https:\/\/pixcareforma.com\/menu\/"]}]},{"@type":"BreadcrumbList","@id":"https:\/\/pixcareforma.com\/menu\/#breadcrumb","itemListElement":[{"@type":"ListItem","position":1,"name":"Portada","item":"https:\/\/pixcareforma.com\/"},{"@type":"ListItem","position":2,"name":"Men\u00fa"}]}]}},"_links":{"self":[{"href":"https:\/\/pixcareforma.com\/en\/wp-json\/wp\/v2\/pages\/33"}],"collection":[{"href":"https:\/\/pixcareforma.com\/en\/wp-json\/wp\/v2\/pages"}],"about":[{"href":"https:\/\/pixcareforma.com\/en\/wp-json\/wp\/v2\/types\/page"}],"author":[{"embeddable":true,"href":"https:\/\/pixcareforma.com\/en\/wp-json\/wp\/v2\/users\/1"}],"replies":[{"embeddable":true,"href":"https:\/\/pixcareforma.com\/en\/wp-json\/wp\/v2\/comments?post=33"}],"version-history":[{"count":310,"href":"https:\/\/pixcareforma.com\/en\/wp-json\/wp\/v2\/pages\/33\/revisions"}],"predecessor-version":[{"id":5348,"href":"https:\/\/pixcareforma.com\/en\/wp-json\/wp\/v2\/pages\/33\/revisions\/5348"}],"wp:attachment":[{"href":"https:\/\/pixcareforma.com\/en\/wp-json\/wp\/v2\/media?parent=33"}],"curies":[{"name":"wp","href":"https:\/\/api.w.org\/{rel}","templated":true}]}}