{"id":4176,"date":"2023-11-29T15:45:15","date_gmt":"2023-11-29T15:45:15","guid":{"rendered":"https:\/\/pixcareforma.com\/?page_id=4176"},"modified":"2023-11-29T17:17:34","modified_gmt":"2023-11-29T17:17:34","slug":"cena-navidena-pixca","status":"publish","type":"page","link":"https:\/\/pixcareforma.com\/es\/cena-navidena-pixca\/","title":{"rendered":"Cena Navide\u00f1a"},"content":{"rendered":"\t\t<div data-elementor-type=\"wp-post\" data-elementor-id=\"4176\" class=\"elementor elementor-4176\">\n\t\t\t\t\t\t\t\t\t<section class=\"elementor-section elementor-top-section elementor-element elementor-element-550f445 elementor-section-full_width elementor-section-height-default elementor-section-height-default\" data-id=\"550f445\" data-element_type=\"section\">\n\t\t\t\t\t\t<div class=\"elementor-container elementor-column-gap-no\">\n\t\t\t\t\t<div class=\"elementor-column elementor-col-100 elementor-top-column elementor-element elementor-element-ce28d70\" data-id=\"ce28d70\" data-element_type=\"column\">\n\t\t\t<div class=\"elementor-widget-wrap elementor-element-populated\">\n\t\t\t\t\t\t\t\t<div class=\"elementor-element elementor-element-b2b0135 elementor-widget elementor-widget-ova_heading\" data-id=\"b2b0135\" data-element_type=\"widget\" data-widget_type=\"ova_heading.default\">\n\t\t\t\t<div class=\"elementor-widget-container\">\n\t\t\t\t\t\t\t<section class=\"breadcrumb-menu-v2 breadcrumb-section section-box\" style=\"background-image: url(http:\/\/pixcareforma.com\/wp-content\/uploads\/2023\/11\/318567001_571875308280725_5445649995543854760_n.jpeg)\">\n\t\t\t\t<div class=\"container\">\n\t\t\t\t\t<div class=\"breadcrumb-inner\">\n\t\t\t\t\t\t\t\t\t\t\t\t\t<h1>Cena navide\u00f1a<\/h1>\n\t\t\t\t\t\t\t\t\t\t\t\t\t\t\t\t\t<\/div>\t\n\t\t\t\t<\/div>\n\t\t\t<\/section>\n\t\t\t\t\t<\/div>\n\t\t\t\t<\/div>\n\t\t\t\t\t<\/div>\n\t\t<\/div>\n\t\t\t\t\t\t\t<\/div>\n\t\t<\/section>\n\t\t\t\t<section class=\"elementor-section elementor-top-section elementor-element elementor-element-72dc671 elementor-section-boxed elementor-section-height-default elementor-section-height-default\" data-id=\"72dc671\" data-element_type=\"section\">\n\t\t\t\t\t\t<div class=\"elementor-container elementor-column-gap-default\">\n\t\t\t\t\t<div class=\"elementor-column elementor-col-100 elementor-top-column elementor-element elementor-element-6009066\" data-id=\"6009066\" data-element_type=\"column\">\n\t\t\t<div class=\"elementor-widget-wrap elementor-element-populated\">\n\t\t\t\t\t\t\t\t<div class=\"elementor-element elementor-element-4cb7ab8 elementor-widget elementor-widget-text-editor\" data-id=\"4cb7ab8\" data-element_type=\"widget\" data-widget_type=\"text-editor.default\">\n\t\t\t\t<div class=\"elementor-widget-container\">\n\t\t\t<style>\/*! elementor - v3.6.6 - 08-06-2022 *\/\n.elementor-widget-text-editor.elementor-drop-cap-view-stacked .elementor-drop-cap{background-color:#818a91;color:#fff}.elementor-widget-text-editor.elementor-drop-cap-view-framed .elementor-drop-cap{color:#818a91;border:3px solid;background-color:transparent}.elementor-widget-text-editor:not(.elementor-drop-cap-view-default) .elementor-drop-cap{margin-top:8px}.elementor-widget-text-editor:not(.elementor-drop-cap-view-default) .elementor-drop-cap-letter{width:1em;height:1em}.elementor-widget-text-editor .elementor-drop-cap{float:left;text-align:center;line-height:1;font-size:50px}.elementor-widget-text-editor .elementor-drop-cap-letter{display:inline-block}<\/style>\t\t\t\t<p class=\"p1\" style=\"text-align: center;\">Disfruta de la mejor cena de navidad en un lugar espectacular <span class=\"s1\">Pixca Reforma<\/span> acompa\u00f1ado de un delicioso men\u00fa a 4 tiempos que te sorprender\u00e1.\u00a0<\/p><p style=\"text-align: center;\"><strong><span class=\"x3nfvp2 x1j61x8r x1fcty0u xdj266r xhhsvwb xat24cr xgzva0m xxymvpz xlup9mm x1kky2od\"><img loading=\"lazy\" decoding=\"async\" class=\"xz74otr\" src=\"https:\/\/static.xx.fbcdn.net\/images\/emoji.php\/v9\/t28\/1\/16\/1f352.png\" alt=\"\ud83c\udf52\" width=\"16\" height=\"16\" \/>\u00a1Reserva cupo limitado!<img loading=\"lazy\" decoding=\"async\" class=\"xz74otr\" src=\"https:\/\/static.xx.fbcdn.net\/images\/emoji.php\/v9\/t28\/1\/16\/1f352.png\" alt=\"\ud83c\udf52\" width=\"16\" height=\"16\" \/><\/span><\/strong><\/p>\t\t\t\t\t\t<\/div>\n\t\t\t\t<\/div>\n\t\t\t\t<div class=\"elementor-element elementor-element-a42c9be elementor-widget elementor-widget-text-editor\" data-id=\"a42c9be\" data-element_type=\"widget\" data-widget_type=\"text-editor.default\">\n\t\t\t\t<div class=\"elementor-widget-container\">\n\t\t\t\t\t\t\t\t\t\t\t\t\t<\/div>\n\t\t\t\t<\/div>\n\t\t\t\t<div class=\"elementor-element elementor-element-228928a elementor-widget elementor-widget-image\" data-id=\"228928a\" data-element_type=\"widget\" data-widget_type=\"image.default\">\n\t\t\t\t<div class=\"elementor-widget-container\">\n\t\t\t<style>\/*! elementor - v3.6.6 - 08-06-2022 *\/\n.elementor-widget-image{text-align:center}.elementor-widget-image a{display:inline-block}.elementor-widget-image a img[src$=\".svg\"]{width:48px}.elementor-widget-image img{vertical-align:middle;display:inline-block}<\/style>\t\t\t\t\t\t\t\t\t\t\t\t<img loading=\"lazy\" decoding=\"async\" width=\"768\" height=\"768\" src=\"https:\/\/pixcareforma.com\/wp-content\/uploads\/2023\/11\/menu-post_navidad-768x768.jpg\" class=\"attachment-medium_large size-medium_large\" alt=\"\" srcset=\"https:\/\/pixcareforma.com\/wp-content\/uploads\/2023\/11\/menu-post_navidad-768x768.jpg 768w, https:\/\/pixcareforma.com\/wp-content\/uploads\/2023\/11\/menu-post_navidad-300x300.jpg 300w, https:\/\/pixcareforma.com\/wp-content\/uploads\/2023\/11\/menu-post_navidad-1024x1024.jpg 1024w, https:\/\/pixcareforma.com\/wp-content\/uploads\/2023\/11\/menu-post_navidad-150x150.jpg 150w, https:\/\/pixcareforma.com\/wp-content\/uploads\/2023\/11\/menu-post_navidad-1536x1536.jpg 1536w, https:\/\/pixcareforma.com\/wp-content\/uploads\/2023\/11\/menu-post_navidad-2048x2048.jpg 2048w\" sizes=\"(max-width: 768px) 100vw, 768px\" \/>\t\t\t\t\t\t\t\t\t\t\t\t\t\t\t<\/div>\n\t\t\t\t<\/div>\n\t\t\t\t<div class=\"elementor-element elementor-element-33f96ff elementor-widget elementor-widget-spacer\" data-id=\"33f96ff\" data-element_type=\"widget\" data-widget_type=\"spacer.default\">\n\t\t\t\t<div class=\"elementor-widget-container\">\n\t\t\t<style>\/*! elementor - v3.6.6 - 08-06-2022 *\/\n.e-container.e-container--row .elementor-spacer-inner{width:var(--spacer-size)}.e-container.e-container--column .elementor-spacer-inner,.elementor-column .elementor-spacer-inner{height:var(--spacer-size)}<\/style>\t\t<div class=\"elementor-spacer\">\n\t\t\t<div class=\"elementor-spacer-inner\"><\/div>\n\t\t<\/div>\n\t\t\t\t<\/div>\n\t\t\t\t<\/div>\n\t\t\t\t<div class=\"elementor-element elementor-element-bc9c111 elementor-widget elementor-widget-text-editor\" data-id=\"bc9c111\" data-element_type=\"widget\" data-widget_type=\"text-editor.default\">\n\t\t\t\t<div class=\"elementor-widget-container\">\n\t\t\t\t\t\t\t<p style=\"text-align: center;\"><strong>Precios:\u00a0<\/strong><\/p><p style=\"text-align: center;\"><strong>Adultos: $1,650 Men\u00fa para ni\u00f1os $490. \/ incluye IVA y servicio.\u00a0\u00a0<\/strong><\/p>\t\t\t\t\t\t<\/div>\n\t\t\t\t<\/div>\n\t\t\t\t<div class=\"elementor-element elementor-element-547f922 elementor-widget elementor-widget-text-editor\" data-id=\"547f922\" data-element_type=\"widget\" data-widget_type=\"text-editor.default\">\n\t\t\t\t<div class=\"elementor-widget-container\">\n\t\t\t\t\t\t\t\t\t\t\t\t\t<\/div>\n\t\t\t\t<\/div>\n\t\t\t\t<div class=\"elementor-element elementor-element-f80bc5a elementor-align-center elementor-widget elementor-widget-button\" data-id=\"f80bc5a\" data-element_type=\"widget\" data-widget_type=\"button.default\">\n\t\t\t\t<div class=\"elementor-widget-container\">\n\t\t\t\t\t<div class=\"elementor-button-wrapper\">\n\t\t\t<a href=\"https:\/\/wa.link\/nqnjlw\" class=\"elementor-button-link elementor-button elementor-size-lg\" role=\"button\">\n\t\t\t\t\t\t<span class=\"elementor-button-content-wrapper\">\n\t\t\t\t\t\t\t<span class=\"elementor-button-icon elementor-align-icon-left\">\n\t\t\t\t<i aria-hidden=\"true\" class=\"fab fa-whatsapp\"><\/i>\t\t\t<\/span>\n\t\t\t\t\t\t<span class=\"elementor-button-text\">RESERVA TU CENA V\u00cdA WHARTSAPP<\/span>\n\t\t<\/span>\n\t\t\t\t\t<\/a>\n\t\t<\/div>\n\t\t\t\t<\/div>\n\t\t\t\t<\/div>\n\t\t\t\t\t<\/div>\n\t\t<\/div>\n\t\t\t\t\t\t\t<\/div>\n\t\t<\/section>\n\t\t\t\t\t\t\t<\/div>\n\t\t","protected":false},"excerpt":{"rendered":"<p>Cena navide\u00f1a Disfruta de la mejor cena de navidad en un lugar espectacular Pixca Reforma acompa\u00f1ado de un delicioso men\u00fa a 4 tiempos que te sorprender\u00e1.\u00a0 \u00a1Reserva cupo limitado! Precios:\u00a0 Adultos: $1,650 Men\u00fa para ni\u00f1os $490. \/ incluye IVA y servicio.\u00a0\u00a0 RESERVA TU CENA V\u00cdA WHARTSAPP<\/p>\n","protected":false},"author":1,"featured_media":4129,"parent":0,"menu_order":0,"comment_status":"closed","ping_status":"closed","template":"elementor_header_footer","meta":{"om_disable_all_campaigns":false,"_monsterinsights_skip_tracking":false,"_monsterinsights_sitenote_active":false,"_monsterinsights_sitenote_note":"","_monsterinsights_sitenote_category":0,"_joinchat":[],"footnotes":""},"yoast_head":"<!-- This site is optimized with the Yoast SEO plugin v19.1 - https:\/\/yoast.com\/wordpress\/plugins\/seo\/ -->\n<title>La mejor cena de navidad en el mejor lugar Pixca Reforma<\/title>\n<meta name=\"description\" content=\"Disfruta de la mejor cena de navidad en un lugar espectacular #PixcaReforma acompa\u00f1ado de un delicioso men\u00fa a 4 tiempos que te sorprender\u00e1.\" \/>\n<meta name=\"robots\" content=\"index, follow, max-snippet:-1, max-image-preview:large, max-video-preview:-1\" \/>\n<link rel=\"canonical\" href=\"https:\/\/pixcareforma.com\/es\/cena-navidena-pixca\/\" \/>\n<meta property=\"og:locale\" content=\"es_MX\" \/>\n<meta property=\"og:type\" content=\"article\" \/>\n<meta property=\"og:title\" content=\"Tu cena de navidad en el mejor lugar Pixca Reforma Cuernavaca.\" \/>\n<meta property=\"og:description\" content=\"Disfruta de la mejor cena de navidad en un lugar espectacular, acompa\u00f1ado de un delicioso men\u00fa a 4 tiempos que te sorprender\u00e1.\" \/>\n<meta property=\"og:url\" content=\"https:\/\/pixcareforma.com\/es\/cena-navidena-pixca\/\" \/>\n<meta property=\"og:site_name\" content=\"Pixca Reforma Restaurante\" \/>\n<meta property=\"article:modified_time\" content=\"2023-11-29T17:17:34+00:00\" \/>\n<meta property=\"og:image\" content=\"https:\/\/pixcareforma.com\/wp-content\/uploads\/2023\/11\/315876555_551621360306120_2958021559687391665_n.jpeg\" \/>\n\t<meta property=\"og:image:width\" content=\"2048\" \/>\n\t<meta property=\"og:image:height\" content=\"1365\" \/>\n\t<meta property=\"og:image:type\" content=\"image\/jpeg\" \/>\n<meta name=\"twitter:card\" content=\"summary_large_image\" \/>\n<meta name=\"twitter:label1\" content=\"Tiempo de lectura\" \/>\n\t<meta name=\"twitter:data1\" content=\"1 minuto\" \/>\n<script type=\"application\/ld+json\" class=\"yoast-schema-graph\">{\"@context\":\"https:\/\/schema.org\",\"@graph\":[{\"@type\":\"WebSite\",\"@id\":\"https:\/\/pixcareforma.com\/#website\",\"url\":\"https:\/\/pixcareforma.com\/\",\"name\":\"Pixca Reforma Restaurante\",\"description\":\"El mejor restaurante en Cuernavaca\",\"potentialAction\":[{\"@type\":\"SearchAction\",\"target\":{\"@type\":\"EntryPoint\",\"urlTemplate\":\"https:\/\/pixcareforma.com\/?s={search_term_string}\"},\"query-input\":\"required name=search_term_string\"}],\"inLanguage\":\"es\"},{\"@type\":\"ImageObject\",\"inLanguage\":\"es\",\"@id\":\"https:\/\/pixcareforma.com\/cena-navidena-pixca\/#primaryimage\",\"url\":\"https:\/\/pixcareforma.com\/wp-content\/uploads\/2023\/11\/315876555_551621360306120_2958021559687391665_n.jpeg\",\"contentUrl\":\"https:\/\/pixcareforma.com\/wp-content\/uploads\/2023\/11\/315876555_551621360306120_2958021559687391665_n.jpeg\",\"width\":2048,\"height\":1365},{\"@type\":\"WebPage\",\"@id\":\"https:\/\/pixcareforma.com\/cena-navidena-pixca\/#webpage\",\"url\":\"https:\/\/pixcareforma.com\/cena-navidena-pixca\/\",\"name\":\"La mejor cena de navidad en el mejor lugar Pixca Reforma\",\"isPartOf\":{\"@id\":\"https:\/\/pixcareforma.com\/#website\"},\"primaryImageOfPage\":{\"@id\":\"https:\/\/pixcareforma.com\/cena-navidena-pixca\/#primaryimage\"},\"datePublished\":\"2023-11-29T15:45:15+00:00\",\"dateModified\":\"2023-11-29T17:17:34+00:00\",\"description\":\"Disfruta de la mejor cena de navidad en un lugar espectacular #PixcaReforma acompa\u00f1ado de un delicioso men\u00fa a 4 tiempos que te sorprender\u00e1.\",\"breadcrumb\":{\"@id\":\"https:\/\/pixcareforma.com\/cena-navidena-pixca\/#breadcrumb\"},\"inLanguage\":\"es\",\"potentialAction\":[{\"@type\":\"ReadAction\",\"target\":[\"https:\/\/pixcareforma.com\/cena-navidena-pixca\/\"]}]},{\"@type\":\"BreadcrumbList\",\"@id\":\"https:\/\/pixcareforma.com\/cena-navidena-pixca\/#breadcrumb\",\"itemListElement\":[{\"@type\":\"ListItem\",\"position\":1,\"name\":\"Portada\",\"item\":\"https:\/\/pixcareforma.com\/\"},{\"@type\":\"ListItem\",\"position\":2,\"name\":\"Cena Navide\u00f1a\"}]}]}<\/script>\n<!-- \/ Yoast SEO plugin. -->","yoast_head_json":{"title":"La mejor cena de navidad en el mejor lugar Pixca Reforma","description":"Disfruta de la mejor cena de navidad en un lugar espectacular #PixcaReforma acompa\u00f1ado de un delicioso men\u00fa a 4 tiempos que te sorprender\u00e1.","robots":{"index":"index","follow":"follow","max-snippet":"max-snippet:-1","max-image-preview":"max-image-preview:large","max-video-preview":"max-video-preview:-1"},"canonical":"https:\/\/pixcareforma.com\/es\/cena-navidena-pixca\/","og_locale":"es_MX","og_type":"article","og_title":"Tu cena de navidad en el mejor lugar Pixca Reforma Cuernavaca.","og_description":"Disfruta de la mejor cena de navidad en un lugar espectacular, acompa\u00f1ado de un delicioso men\u00fa a 4 tiempos que te sorprender\u00e1.","og_url":"https:\/\/pixcareforma.com\/es\/cena-navidena-pixca\/","og_site_name":"Pixca Reforma Restaurante","article_modified_time":"2023-11-29T17:17:34+00:00","og_image":[{"width":2048,"height":1365,"url":"https:\/\/pixcareforma.com\/wp-content\/uploads\/2023\/11\/315876555_551621360306120_2958021559687391665_n.jpeg","type":"image\/jpeg"}],"twitter_card":"summary_large_image","twitter_misc":{"Tiempo de lectura":"1 minuto"},"schema":{"@context":"https:\/\/schema.org","@graph":[{"@type":"WebSite","@id":"https:\/\/pixcareforma.com\/#website","url":"https:\/\/pixcareforma.com\/","name":"Pixca Reforma Restaurante","description":"El mejor restaurante en Cuernavaca","potentialAction":[{"@type":"SearchAction","target":{"@type":"EntryPoint","urlTemplate":"https:\/\/pixcareforma.com\/?s={search_term_string}"},"query-input":"required name=search_term_string"}],"inLanguage":"es"},{"@type":"ImageObject","inLanguage":"es","@id":"https:\/\/pixcareforma.com\/cena-navidena-pixca\/#primaryimage","url":"https:\/\/pixcareforma.com\/wp-content\/uploads\/2023\/11\/315876555_551621360306120_2958021559687391665_n.jpeg","contentUrl":"https:\/\/pixcareforma.com\/wp-content\/uploads\/2023\/11\/315876555_551621360306120_2958021559687391665_n.jpeg","width":2048,"height":1365},{"@type":"WebPage","@id":"https:\/\/pixcareforma.com\/cena-navidena-pixca\/#webpage","url":"https:\/\/pixcareforma.com\/cena-navidena-pixca\/","name":"La mejor cena de navidad en el mejor lugar Pixca Reforma","isPartOf":{"@id":"https:\/\/pixcareforma.com\/#website"},"primaryImageOfPage":{"@id":"https:\/\/pixcareforma.com\/cena-navidena-pixca\/#primaryimage"},"datePublished":"2023-11-29T15:45:15+00:00","dateModified":"2023-11-29T17:17:34+00:00","description":"Disfruta de la mejor cena de navidad en un lugar espectacular #PixcaReforma acompa\u00f1ado de un delicioso men\u00fa a 4 tiempos que te sorprender\u00e1.","breadcrumb":{"@id":"https:\/\/pixcareforma.com\/cena-navidena-pixca\/#breadcrumb"},"inLanguage":"es","potentialAction":[{"@type":"ReadAction","target":["https:\/\/pixcareforma.com\/cena-navidena-pixca\/"]}]},{"@type":"BreadcrumbList","@id":"https:\/\/pixcareforma.com\/cena-navidena-pixca\/#breadcrumb","itemListElement":[{"@type":"ListItem","position":1,"name":"Portada","item":"https:\/\/pixcareforma.com\/"},{"@type":"ListItem","position":2,"name":"Cena Navide\u00f1a"}]}]}},"_links":{"self":[{"href":"https:\/\/pixcareforma.com\/es\/wp-json\/wp\/v2\/pages\/4176"}],"collection":[{"href":"https:\/\/pixcareforma.com\/es\/wp-json\/wp\/v2\/pages"}],"about":[{"href":"https:\/\/pixcareforma.com\/es\/wp-json\/wp\/v2\/types\/page"}],"author":[{"embeddable":true,"href":"https:\/\/pixcareforma.com\/es\/wp-json\/wp\/v2\/users\/1"}],"replies":[{"embeddable":true,"href":"https:\/\/pixcareforma.com\/es\/wp-json\/wp\/v2\/comments?post=4176"}],"version-history":[{"count":17,"href":"https:\/\/pixcareforma.com\/es\/wp-json\/wp\/v2\/pages\/4176\/revisions"}],"predecessor-version":[{"id":4205,"href":"https:\/\/pixcareforma.com\/es\/wp-json\/wp\/v2\/pages\/4176\/revisions\/4205"}],"wp:featuredmedia":[{"embeddable":true,"href":"https:\/\/pixcareforma.com\/es\/wp-json\/wp\/v2\/media\/4129"}],"wp:attachment":[{"href":"https:\/\/pixcareforma.com\/es\/wp-json\/wp\/v2\/media?parent=4176"}],"curies":[{"name":"wp","href":"https:\/\/api.w.org\/{rel}","templated":true}]}}