{"id":77,"date":"2018-12-19T08:04:32","date_gmt":"2018-12-19T08:04:32","guid":{"rendered":"http:\/\/demo.ovathemes.com\/reon\/?page_id=77"},"modified":"2025-06-06T17:51:02","modified_gmt":"2025-06-06T17:51:02","slug":"reservaciones","status":"publish","type":"page","link":"https:\/\/pixcareforma.com\/es\/reservaciones\/","title":{"rendered":"Reservaciones"},"content":{"rendered":"\t\t<div data-elementor-type=\"wp-post\" data-elementor-id=\"77\" class=\"elementor elementor-77\">\n\t\t\t\t\t\t\t\t\t<section class=\"elementor-section elementor-top-section elementor-element elementor-element-04c0ac1 elementor-section-full_width elementor-section-height-default elementor-section-height-default\" data-id=\"04c0ac1\" data-element_type=\"section\">\n\t\t\t\t\t\t<div class=\"elementor-container elementor-column-gap-no\">\n\t\t\t\t\t<div class=\"elementor-column elementor-col-100 elementor-top-column elementor-element elementor-element-357b478\" data-id=\"357b478\" data-element_type=\"column\">\n\t\t\t<div class=\"elementor-widget-wrap elementor-element-populated\">\n\t\t\t\t\t\t\t\t<div class=\"elementor-element elementor-element-73b2a28 elementor-widget elementor-widget-ova_heading\" data-id=\"73b2a28\" data-element_type=\"widget\" data-widget_type=\"ova_heading.default\">\n\t\t\t\t<div class=\"elementor-widget-container\">\n\t\t\t\t\t\t\t<section class=\"breadcrumb-menu-v2 breadcrumb-section section-box\" style=\"background-image: url(http:\/\/pixcareforma.com\/wp-content\/uploads\/2018\/12\/slide-pixca2.png)\">\n\t\t\t\t<div class=\"container\">\n\t\t\t\t\t<div class=\"breadcrumb-inner\">\n\t\t\t\t\t\t\t\t\t\t\t\t\t<h1>Reservaciones<\/h1>\n\t\t\t\t\t\t\t\t\t\t\t\t\t\t\t\t\t\t\t<span class=\"breadcrumbs-text\">Deja tus datos y un asesor confirmar\u00e1 tu reservaci\u00f3n a la brevedad<\/span>\n\t\t\t\t\t\t\t\t\t\t\t<\/div>\t\n\t\t\t\t<\/div>\n\t\t\t<\/section>\n\t\t\t\t\t<\/div>\n\t\t\t\t<\/div>\n\t\t\t\t\t<\/div>\n\t\t<\/div>\n\t\t\t\t\t\t\t<\/div>\n\t\t<\/section>\n\t\t\t\t<section class=\"elementor-section elementor-top-section elementor-element elementor-element-93e6166 elementor-section-boxed elementor-section-height-default elementor-section-height-default\" data-id=\"93e6166\" data-element_type=\"section\">\n\t\t\t\t\t\t<div class=\"elementor-container elementor-column-gap-default\">\n\t\t\t\t\t<div class=\"elementor-column elementor-col-100 elementor-top-column elementor-element elementor-element-77a4b98\" data-id=\"77a4b98\" data-element_type=\"column\">\n\t\t\t<div class=\"elementor-widget-wrap elementor-element-populated\">\n\t\t\t\t\t\t\t\t<div class=\"elementor-element elementor-element-5f41306 elementor-widget elementor-widget-heading\" data-id=\"5f41306\" data-element_type=\"widget\" data-widget_type=\"heading.default\">\n\t\t\t\t<div class=\"elementor-widget-container\">\n\t\t\t<style>\/*! elementor - v3.6.6 - 08-06-2022 *\/\n.elementor-heading-title{padding:0;margin:0;line-height:1}.elementor-widget-heading .elementor-heading-title[class*=elementor-size-]>a{color:inherit;font-size:inherit;line-height:inherit}.elementor-widget-heading .elementor-heading-title.elementor-size-small{font-size:15px}.elementor-widget-heading .elementor-heading-title.elementor-size-medium{font-size:19px}.elementor-widget-heading .elementor-heading-title.elementor-size-large{font-size:29px}.elementor-widget-heading .elementor-heading-title.elementor-size-xl{font-size:39px}.elementor-widget-heading .elementor-heading-title.elementor-size-xxl{font-size:59px}<\/style><h3 class=\"elementor-heading-title elementor-size-default\">RESERVA TU MESA<\/h3>\t\t<\/div>\n\t\t\t\t<\/div>\n\t\t\t\t<div class=\"elementor-element elementor-element-86ee5b8 elementor-widget elementor-widget-heading\" data-id=\"86ee5b8\" data-element_type=\"widget\" data-widget_type=\"heading.default\">\n\t\t\t\t<div class=\"elementor-widget-container\">\n\t\t\t<h3 class=\"elementor-heading-title elementor-size-default\">RESERVA TU MESA<\/h3>\t\t<\/div>\n\t\t\t\t<\/div>\n\t\t\t\t<div class=\"elementor-element elementor-element-3afa957 elementor-widget elementor-widget-text-editor\" data-id=\"3afa957\" data-element_type=\"widget\" data-widget_type=\"text-editor.default\">\n\t\t\t\t<div class=\"elementor-widget-container\">\n\t\t\t<style>\/*! elementor - v3.6.6 - 08-06-2022 *\/\n.elementor-widget-text-editor.elementor-drop-cap-view-stacked .elementor-drop-cap{background-color:#818a91;color:#fff}.elementor-widget-text-editor.elementor-drop-cap-view-framed .elementor-drop-cap{color:#818a91;border:3px solid;background-color:transparent}.elementor-widget-text-editor:not(.elementor-drop-cap-view-default) .elementor-drop-cap{margin-top:8px}.elementor-widget-text-editor:not(.elementor-drop-cap-view-default) .elementor-drop-cap-letter{width:1em;height:1em}.elementor-widget-text-editor .elementor-drop-cap{float:left;text-align:center;line-height:1;font-size:50px}.elementor-widget-text-editor .elementor-drop-cap-letter{display:inline-block}<\/style>\t\t\t\t<p style=\"text-align: center;\">Reserva directamente aqu\u00ed o enviando mensaje de\u00a0<strong>WhatsApp:<\/strong>\u00a0al:\u00a0<a href=\"https:\/\/api.whatsapp.com\/send?phone=+527771798696&amp;text=Deseo%20reservar.%20\"><strong>7771798696<\/strong><\/a><\/p>\t\t\t\t\t\t<\/div>\n\t\t\t\t<\/div>\n\t\t\t\t\t<\/div>\n\t\t<\/div>\n\t\t\t\t\t\t\t<\/div>\n\t\t<\/section>\n\t\t\t\t<section class=\"elementor-section elementor-top-section elementor-element elementor-element-6879bda elementor-hidden-mobile elementor-section-boxed elementor-section-height-default elementor-section-height-default\" data-id=\"6879bda\" data-element_type=\"section\">\n\t\t\t\t\t\t<div class=\"elementor-container elementor-column-gap-default\">\n\t\t\t\t\t<div class=\"elementor-column elementor-col-33 elementor-top-column elementor-element elementor-element-ddd41c2\" data-id=\"ddd41c2\" data-element_type=\"column\">\n\t\t\t<div class=\"elementor-widget-wrap\">\n\t\t\t\t\t\t\t\t\t<\/div>\n\t\t<\/div>\n\t\t\t\t<div class=\"elementor-column elementor-col-33 elementor-top-column elementor-element elementor-element-5919cdd\" data-id=\"5919cdd\" data-element_type=\"column\">\n\t\t\t<div class=\"elementor-widget-wrap elementor-element-populated\">\n\t\t\t\t\t\t\t\t<div class=\"elementor-element elementor-element-a71409c elementor-widget elementor-widget-html\" data-id=\"a71409c\" data-element_type=\"widget\" data-widget_type=\"html.default\">\n\t\t\t\t<div class=\"elementor-widget-container\">\n\t\t\t<script type='text\/javascript' src='\/\/www.opentable.com.mx\/widget\/reservation\/loader?rid=1265941&type=standard&theme=wide&color=5&dark=false&iframe=true&domain=commx&lang=es-MX&newtab=false&ot_source=Restaurant%20website&ot_campaign=Sitio%20web%20Mobil'><\/script>\t\t<\/div>\n\t\t\t\t<\/div>\n\t\t\t\t\t<\/div>\n\t\t<\/div>\n\t\t\t\t<div class=\"elementor-column elementor-col-33 elementor-top-column elementor-element elementor-element-ca4b2a9\" data-id=\"ca4b2a9\" data-element_type=\"column\">\n\t\t\t<div class=\"elementor-widget-wrap\">\n\t\t\t\t\t\t\t\t\t<\/div>\n\t\t<\/div>\n\t\t\t\t\t\t\t<\/div>\n\t\t<\/section>\n\t\t\t\t<section class=\"elementor-section elementor-top-section elementor-element elementor-element-df9aaef elementor-hidden-desktop elementor-hidden-tablet elementor-section-boxed elementor-section-height-default elementor-section-height-default\" data-id=\"df9aaef\" data-element_type=\"section\">\n\t\t\t\t\t\t<div class=\"elementor-container elementor-column-gap-default\">\n\t\t\t\t\t<div class=\"elementor-column elementor-col-33 elementor-top-column elementor-element elementor-element-baf76ff\" data-id=\"baf76ff\" data-element_type=\"column\">\n\t\t\t<div class=\"elementor-widget-wrap\">\n\t\t\t\t\t\t\t\t\t<\/div>\n\t\t<\/div>\n\t\t\t\t<div class=\"elementor-column elementor-col-33 elementor-top-column elementor-element elementor-element-c98b9b5\" data-id=\"c98b9b5\" data-element_type=\"column\">\n\t\t\t<div class=\"elementor-widget-wrap elementor-element-populated\">\n\t\t\t\t\t\t\t\t<div class=\"elementor-element elementor-element-02b7564 elementor-widget elementor-widget-html\" data-id=\"02b7564\" data-element_type=\"widget\" data-widget_type=\"html.default\">\n\t\t\t\t<div class=\"elementor-widget-container\">\n\t\t\t<center>\n<script type='text\/javascript' src='\/\/www.opentable.com.mx\/widget\/reservation\/loader?rid=1265941&type=standard&theme=standard&color=5&dark=false&iframe=true&domain=commx&lang=es-MX&newtab=false&ot_source=DPM&ot_campaign=DPM'><\/script>\n<\/center>\t\t<\/div>\n\t\t\t\t<\/div>\n\t\t\t\t\t<\/div>\n\t\t<\/div>\n\t\t\t\t<div class=\"elementor-column elementor-col-33 elementor-top-column elementor-element elementor-element-c322e62\" data-id=\"c322e62\" data-element_type=\"column\">\n\t\t\t<div class=\"elementor-widget-wrap\">\n\t\t\t\t\t\t\t\t\t<\/div>\n\t\t<\/div>\n\t\t\t\t\t\t\t<\/div>\n\t\t<\/section>\n\t\t\t\t<section class=\"elementor-section elementor-top-section elementor-element elementor-element-47da348 elementor-section-boxed elementor-section-height-default elementor-section-height-default\" data-id=\"47da348\" data-element_type=\"section\">\n\t\t\t\t\t\t<div class=\"elementor-container elementor-column-gap-default\">\n\t\t\t\t\t<div class=\"elementor-column elementor-col-100 elementor-top-column elementor-element elementor-element-904a5fd\" data-id=\"904a5fd\" data-element_type=\"column\">\n\t\t\t<div class=\"elementor-widget-wrap elementor-element-populated\">\n\t\t\t\t\t\t\t\t<div class=\"elementor-element elementor-element-8fb43c4 elementor-widget elementor-widget-text-editor\" data-id=\"8fb43c4\" data-element_type=\"widget\" data-widget_type=\"text-editor.default\">\n\t\t\t\t<div class=\"elementor-widget-container\">\n\t\t\t\t\t\t\t<p style=\"text-align: center;\">Los datos personales recabados en este formulario estar\u00e1n protegidos conforme a lo dispuesto por la Ley General de Transparencia y Acceso a la Informaci\u00f3n P\u00fablica.<\/p>\t\t\t\t\t\t<\/div>\n\t\t\t\t<\/div>\n\t\t\t\t<div class=\"elementor-element elementor-element-bdf6650 elementor-widget elementor-widget-heading\" data-id=\"bdf6650\" data-element_type=\"widget\" data-widget_type=\"heading.default\">\n\t\t\t\t<div class=\"elementor-widget-container\">\n\t\t\t<h3 class=\"elementor-heading-title elementor-size-default\">S\u00cdGUENOS EN<\/h3>\t\t<\/div>\n\t\t\t\t<\/div>\n\t\t\t\t<div class=\"elementor-element elementor-element-623f71a elementor-widget elementor-widget-ova_social\" data-id=\"623f71a\" data-element_type=\"widget\" data-widget_type=\"ova_social.default\">\n\t\t\t\t<div class=\"elementor-widget-container\">\n\t\t\t\t\t<div class=\"ova_social socials ova-framework-social-icons-wrapper\">\n\t\t\t\n\t\t\t\t\t\t\t\t<a class=\"ova-framework-icon ova-framework-social-icon \" style=\" color: #999; background-color: #f2f2f2\" href=\"https:\/\/www.facebook.com\/pixcareforma\" target=\"_blank\">\n\t\t\t\t\t<i class=\"fa fa-facebook\" style=\"\"><\/i>\n\t\t\t\t<\/a>\n\t\t\t\n\t\t\t\t\t\t\t\t<a class=\"ova-framework-icon ova-framework-social-icon \" style=\" color: #999; background-color: #f2f2f2\" href=\"https:\/\/www.instagram.com\/pixcareforma\/ \" target=\"_blank\">\n\t\t\t\t\t<i class=\"fa fa-instagram\" style=\"\"><\/i>\n\t\t\t\t<\/a>\n\t\t\t\t\t<\/div>\n\t\t\t\t<\/div>\n\t\t\t\t<\/div>\n\t\t\t\t\t<\/div>\n\t\t<\/div>\n\t\t\t\t\t\t\t<\/div>\n\t\t<\/section>\n\t\t\t\t<section class=\"elementor-section elementor-top-section elementor-element elementor-element-7c65b0c elementor-section-full_width elementor-section-height-default elementor-section-height-default\" data-id=\"7c65b0c\" data-element_type=\"section\">\n\t\t\t\t\t\t<div class=\"elementor-container elementor-column-gap-no\">\n\t\t\t\t\t<div class=\"elementor-column elementor-col-100 elementor-top-column elementor-element elementor-element-1f1a805\" data-id=\"1f1a805\" data-element_type=\"column\">\n\t\t\t<div class=\"elementor-widget-wrap elementor-element-populated\">\n\t\t\t\t\t\t\t\t<div class=\"elementor-element elementor-element-90e3626 elementor-widget elementor-widget-google_maps\" data-id=\"90e3626\" data-element_type=\"widget\" data-widget_type=\"google_maps.default\">\n\t\t\t\t<div class=\"elementor-widget-container\">\n\t\t\t<style>\/*! elementor - v3.6.6 - 08-06-2022 *\/\n.elementor-widget-google_maps .elementor-widget-container{overflow:hidden}.elementor-widget-google_maps iframe{height:300px}<\/style>\t\t<div class=\"elementor-custom-embed\">\n\t\t\t<iframe frameborder=\"0\" scrolling=\"no\" marginheight=\"0\" marginwidth=\"0\"\n\t\t\t\t\tsrc=\"https:\/\/maps.google.com\/maps?q=Av.%20Reforma%20Esquina%20calle%20Xochicalco%2062293%20Cuernavaca%2C%20Morelos%2C%20M%C3%A9xico.&#038;t=m&#038;z=10&#038;output=embed&#038;iwloc=near\"\n\t\t\t\t\ttitle=\"Av. Reforma Esquina calle Xochicalco 62293 Cuernavaca, Morelos, M\u00e9xico.\"\n\t\t\t\t\taria-label=\"Av. Reforma Esquina calle Xochicalco 62293 Cuernavaca, Morelos, M\u00e9xico.\"\n\t\t\t><\/iframe>\n\t\t<\/div>\n\t\t\t\t<\/div>\n\t\t\t\t<\/div>\n\t\t\t\t\t<\/div>\n\t\t<\/div>\n\t\t\t\t\t\t\t<\/div>\n\t\t<\/section>\n\t\t\t\t\t\t\t<\/div>\n\t\t","protected":false},"excerpt":{"rendered":"<p>Reservaciones Deja tus datos y un asesor confirmar\u00e1 tu reservaci\u00f3n a la brevedad RESERVA TU MESA RESERVA TU MESA Reserva directamente aqu\u00ed o enviando mensaje de\u00a0WhatsApp:\u00a0al:\u00a07771798696 Los datos personales recabados en este formulario estar\u00e1n protegidos conforme a lo dispuesto por la Ley General de Transparencia y Acceso a la Informaci\u00f3n P\u00fablica. S\u00cdGUENOS EN<\/p>\n","protected":false},"author":1,"featured_media":0,"parent":0,"menu_order":0,"comment_status":"closed","ping_status":"closed","template":"elementor_header_footer","meta":{"om_disable_all_campaigns":false,"_monsterinsights_skip_tracking":false,"_monsterinsights_sitenote_active":false,"_monsterinsights_sitenote_note":"","_monsterinsights_sitenote_category":0,"_joinchat":[],"footnotes":""},"yoast_head":"<!-- This site is optimized with the Yoast SEO plugin v19.1 - https:\/\/yoast.com\/wordpress\/plugins\/seo\/ -->\n<title>Reservaciones - Pixca Reforma Restaurante<\/title>\n<meta name=\"robots\" content=\"index, follow, max-snippet:-1, max-image-preview:large, max-video-preview:-1\" \/>\n<link rel=\"canonical\" href=\"https:\/\/pixcareforma.com\/es\/reservaciones\/\" \/>\n<meta property=\"og:locale\" content=\"es_MX\" \/>\n<meta property=\"og:type\" content=\"article\" \/>\n<meta property=\"og:title\" content=\"Reservaciones - Pixca Reforma Restaurante\" \/>\n<meta property=\"og:description\" content=\"Reservaciones Deja tus datos y un asesor confirmar\u00e1 tu reservaci\u00f3n a la brevedad RESERVA TU MESA RESERVA TU MESA Reserva directamente aqu\u00ed o enviando mensaje de\u00a0WhatsApp:\u00a0al:\u00a07771798696 Los datos personales recabados en este formulario estar\u00e1n protegidos conforme a lo dispuesto por la Ley General de Transparencia y Acceso a la Informaci\u00f3n P\u00fablica. S\u00cdGUENOS EN\" \/>\n<meta property=\"og:url\" content=\"https:\/\/pixcareforma.com\/es\/reservaciones\/\" \/>\n<meta property=\"og:site_name\" content=\"Pixca Reforma Restaurante\" \/>\n<meta property=\"article:modified_time\" content=\"2025-06-06T17:51:02+00:00\" \/>\n<meta name=\"twitter:card\" content=\"summary_large_image\" \/>\n<meta name=\"twitter:label1\" content=\"Tiempo de lectura\" \/>\n\t<meta name=\"twitter:data1\" content=\"1 minuto\" \/>\n<script type=\"application\/ld+json\" class=\"yoast-schema-graph\">{\"@context\":\"https:\/\/schema.org\",\"@graph\":[{\"@type\":\"WebSite\",\"@id\":\"https:\/\/pixcareforma.com\/#website\",\"url\":\"https:\/\/pixcareforma.com\/\",\"name\":\"Pixca Reforma Restaurante\",\"description\":\"El mejor restaurante en Cuernavaca\",\"potentialAction\":[{\"@type\":\"SearchAction\",\"target\":{\"@type\":\"EntryPoint\",\"urlTemplate\":\"https:\/\/pixcareforma.com\/?s={search_term_string}\"},\"query-input\":\"required name=search_term_string\"}],\"inLanguage\":\"es\"},{\"@type\":\"WebPage\",\"@id\":\"https:\/\/pixcareforma.com\/reservaciones\/#webpage\",\"url\":\"https:\/\/pixcareforma.com\/reservaciones\/\",\"name\":\"Reservaciones - Pixca Reforma Restaurante\",\"isPartOf\":{\"@id\":\"https:\/\/pixcareforma.com\/#website\"},\"datePublished\":\"2018-12-19T08:04:32+00:00\",\"dateModified\":\"2025-06-06T17:51:02+00:00\",\"breadcrumb\":{\"@id\":\"https:\/\/pixcareforma.com\/reservaciones\/#breadcrumb\"},\"inLanguage\":\"es\",\"potentialAction\":[{\"@type\":\"ReadAction\",\"target\":[\"https:\/\/pixcareforma.com\/reservaciones\/\"]}]},{\"@type\":\"BreadcrumbList\",\"@id\":\"https:\/\/pixcareforma.com\/reservaciones\/#breadcrumb\",\"itemListElement\":[{\"@type\":\"ListItem\",\"position\":1,\"name\":\"Portada\",\"item\":\"https:\/\/pixcareforma.com\/\"},{\"@type\":\"ListItem\",\"position\":2,\"name\":\"Reservaciones\"}]}]}<\/script>\n<!-- \/ Yoast SEO plugin. -->","yoast_head_json":{"title":"Reservaciones - Pixca Reforma Restaurante","robots":{"index":"index","follow":"follow","max-snippet":"max-snippet:-1","max-image-preview":"max-image-preview:large","max-video-preview":"max-video-preview:-1"},"canonical":"https:\/\/pixcareforma.com\/es\/reservaciones\/","og_locale":"es_MX","og_type":"article","og_title":"Reservaciones - Pixca Reforma Restaurante","og_description":"Reservaciones Deja tus datos y un asesor confirmar\u00e1 tu reservaci\u00f3n a la brevedad RESERVA TU MESA RESERVA TU MESA Reserva directamente aqu\u00ed o enviando mensaje de\u00a0WhatsApp:\u00a0al:\u00a07771798696 Los datos personales recabados en este formulario estar\u00e1n protegidos conforme a lo dispuesto por la Ley General de Transparencia y Acceso a la Informaci\u00f3n P\u00fablica. S\u00cdGUENOS EN","og_url":"https:\/\/pixcareforma.com\/es\/reservaciones\/","og_site_name":"Pixca Reforma Restaurante","article_modified_time":"2025-06-06T17:51:02+00:00","twitter_card":"summary_large_image","twitter_misc":{"Tiempo de lectura":"1 minuto"},"schema":{"@context":"https:\/\/schema.org","@graph":[{"@type":"WebSite","@id":"https:\/\/pixcareforma.com\/#website","url":"https:\/\/pixcareforma.com\/","name":"Pixca Reforma Restaurante","description":"El mejor restaurante en Cuernavaca","potentialAction":[{"@type":"SearchAction","target":{"@type":"EntryPoint","urlTemplate":"https:\/\/pixcareforma.com\/?s={search_term_string}"},"query-input":"required name=search_term_string"}],"inLanguage":"es"},{"@type":"WebPage","@id":"https:\/\/pixcareforma.com\/reservaciones\/#webpage","url":"https:\/\/pixcareforma.com\/reservaciones\/","name":"Reservaciones - Pixca Reforma Restaurante","isPartOf":{"@id":"https:\/\/pixcareforma.com\/#website"},"datePublished":"2018-12-19T08:04:32+00:00","dateModified":"2025-06-06T17:51:02+00:00","breadcrumb":{"@id":"https:\/\/pixcareforma.com\/reservaciones\/#breadcrumb"},"inLanguage":"es","potentialAction":[{"@type":"ReadAction","target":["https:\/\/pixcareforma.com\/reservaciones\/"]}]},{"@type":"BreadcrumbList","@id":"https:\/\/pixcareforma.com\/reservaciones\/#breadcrumb","itemListElement":[{"@type":"ListItem","position":1,"name":"Portada","item":"https:\/\/pixcareforma.com\/"},{"@type":"ListItem","position":2,"name":"Reservaciones"}]}]}},"_links":{"self":[{"href":"https:\/\/pixcareforma.com\/es\/wp-json\/wp\/v2\/pages\/77"}],"collection":[{"href":"https:\/\/pixcareforma.com\/es\/wp-json\/wp\/v2\/pages"}],"about":[{"href":"https:\/\/pixcareforma.com\/es\/wp-json\/wp\/v2\/types\/page"}],"author":[{"embeddable":true,"href":"https:\/\/pixcareforma.com\/es\/wp-json\/wp\/v2\/users\/1"}],"replies":[{"embeddable":true,"href":"https:\/\/pixcareforma.com\/es\/wp-json\/wp\/v2\/comments?post=77"}],"version-history":[{"count":117,"href":"https:\/\/pixcareforma.com\/es\/wp-json\/wp\/v2\/pages\/77\/revisions"}],"predecessor-version":[{"id":5238,"href":"https:\/\/pixcareforma.com\/es\/wp-json\/wp\/v2\/pages\/77\/revisions\/5238"}],"wp:attachment":[{"href":"https:\/\/pixcareforma.com\/es\/wp-json\/wp\/v2\/media?parent=77"}],"curies":[{"name":"wp","href":"https:\/\/api.w.org\/{rel}","templated":true}]}}